{"id":3838,"date":"2023-12-21T01:46:41","date_gmt":"2023-12-20T23:46:41","guid":{"rendered":"https:\/\/www.viatgesmestres.com\/viatges-de-nuvis\/"},"modified":"2024-01-08T12:35:46","modified_gmt":"2024-01-08T10:35:46","slug":"viatges-de-nuvis","status":"publish","type":"page","link":"https:\/\/www.viatgesmestres.com\/es\/viatges-de-nuvis\/","title":{"rendered":"Viaje de Novios"},"content":{"rendered":"\r\n<section  class=\"block-hero-intro alignfull relative \">\r\n\t<div class=\"relative z-10 h-[100vw] md:h-[584px] max-h-screen text-white bg-gray-900 bg-opacity-10 flex flex-col gap-1 items-center  justify-end\">\r\n\t\t<div class=\"relative z-20  text-white bg-gray-900 bg-opacity-50 w-full \">\r\n\t\t\t<div class=\"container flex flex-col lg:flex-row lg:justify-between py-9\">\r\n\t\t\t\t<h1 class=\"font-semibold\">\r\n\t\t\t\t\tViaje de Novios\t\t\t\t<\/h1>\r\n\t\t\t\t<div class=\"max-w-md\">\r\n\t\t\t\t\t\t\t\t\t\t\t<h2 class=\"mt-0 lg:text-xl font-body lg:text-right\">\r\n\t\t\t\t\t\t\tEl viaje m\u00e1s importante de vuestras vidas\t\t\t\t\t\t<\/h2>\r\n\t\t\t\t\t\t\t\t\t<\/div>\r\n\t\t\t<\/div>\r\n\t\t<\/div>\r\n\t<\/div>\r\n\t<picture>\r\n\t\t<source media=\"(max-width: 781px)\" srcset=\"\">\r\n\t\t<source media=\"(min-width: 782px)\" srcset=\"https:\/\/www.viatgesmestres.com\/wp-content\/uploads\/2023\/12\/parella-nuvis.jpg\">\r\n\t\t<img decoding=\"async\" src=\"https:\/\/www.viatgesmestres.com\/wp-content\/uploads\/2023\/12\/parella-nuvis.jpg\" data-src=\"https:\/\/www.viatgesmestres.com\/wp-content\/uploads\/2023\/12\/parella-nuvis.jpg\" class=\"w-full h-full absolute object-cover inset-0 z-0\" alt=\"\" loading=\"eager\" fetchpriority=\"high\" data- title=\"\">\r\n\t<\/picture>\r\n\r\n<\/section>\n\n\n<p><\/p>\n\n\n\n<p>Somos conscientes de que se trata de un viaje muy importante. Es por eso que nuestra experiencia le ayudar\u00e1 y dar\u00e1 tranquilidad en el momento de disfrutar de una vivencia tan especial.<\/p>\n\n\n\n<p>Trabajamos con los Partners m\u00e1s profesionales y especialistas en Viajes para Novios, que conocen a la perfecci\u00f3n los destinos que ofrecen.<\/p>\n\n\n\n<p>Adem\u00e1s de ofrecerle el mejor asesoramiento y gran seguridad, le ofrecemos descuentos especiales en Viajes de Boda y obsequios.<\/p>\n\n\n\r\n<section  class=\"block-reviews relative py-8 lg:py-16 lg:pb-4\">\r\n\r\n\t<div class=\"pt-8 border-t border-solid border-gray-700\">\r\n\r\n\t\t<div class=\"max-w-xl mb-10\">\r\n\t\t\t\t\t\t\t<h2 class=\"ml-0 mb-5\" data-aos=\"fade-right\" data-aos-duration=\"1000\">\r\n\t\t\t\t\tBodas.net\t\t\t\t<\/h2>\r\n\t\t\t\t\t\t\t\t\t\t<p class=\"ml-0 mb-0\" data-aos=\"fade-right\" data-aos-duration=\"1000\">\r\n\t\t\t\t\tPed\u00ed presupuesto por Internet. No tuve ning\u00fan problema a la hora de realizar la reserva y no tuvieron ninguna queja ante mis constantes dudas y preguntas. Al final de todo tuvieron un detalle con nosotros y nos dieron un regalito.\t\t\t\t<\/p>\r\n\t\t\t\t\t<\/div>\r\n\r\n\t\t\t\t\r\n\r\n\r\n\r\n\t<\/div>\r\n\r\n\t\r\n    \r\n<\/section>\n\n\n\n<section  class=\"block-contactform alignfull relative grid grid-cols-12\">\n            <div class=\"hidden lg:block relative sm:col-span-2 2xl:col-span-3\">\n\n            <img loading=\"lazy\" decoding=\"async\" width=\"1920\" height=\"1100\" src=\"https:\/\/www.viatgesmestres.com\/wp-content\/uploads\/2023\/12\/parella-nuvis.jpg\" class=\"absolute inset-0 object-cover w-full h-full\" alt=\"\" srcset=\"https:\/\/www.viatgesmestres.com\/wp-content\/uploads\/2023\/12\/parella-nuvis.jpg 1920w, https:\/\/www.viatgesmestres.com\/wp-content\/uploads\/2023\/12\/parella-nuvis-480x275.jpg 480w, https:\/\/www.viatgesmestres.com\/wp-content\/uploads\/2023\/12\/parella-nuvis-986x565.jpg 986w, https:\/\/www.viatgesmestres.com\/wp-content\/uploads\/2023\/12\/parella-nuvis-768x440.jpg 768w, https:\/\/www.viatgesmestres.com\/wp-content\/uploads\/2023\/12\/parella-nuvis-1536x880.jpg 1536w, https:\/\/www.viatgesmestres.com\/wp-content\/uploads\/2023\/12\/parella-nuvis-380x218.jpg 380w\" sizes=\"auto, (max-width: 1920px) 100vw, 1920px\" title=\"\">\n        <\/div>\n    \n            <div class=\"mx-auto w-full max-w-7xl relative px-6 py-8 md:py-12 lg:py-20 col-span-11 sm:col-span-10 2xl:col-span-9\">\n        \n        <h1 class=\"mb-8 text-center\">Demana una cita personalitzada<\/h1>\n<div class=\"wpcf7 no-js\" id=\"wpcf7-f3884-o1\" lang=\"es-ES\" dir=\"ltr\" data-wpcf7-id=\"3884\">\n<div class=\"screen-reader-response\"><p role=\"status\" aria-live=\"polite\" aria-atomic=\"true\"><\/p> <ul><\/ul><\/div>\n<form action=\"\/es\/wp-json\/wp\/v2\/pages\/3838#wpcf7-f3884-o1\" method=\"post\" class=\"wpcf7-form init\" aria-label=\"Formulario de contacto\" novalidate=\"novalidate\" data-status=\"init\">\n<fieldset class=\"hidden-fields-container\"><input type=\"hidden\" name=\"_wpcf7\" value=\"3884\" \/><input type=\"hidden\" name=\"_wpcf7_version\" value=\"6.1.5\" \/><input type=\"hidden\" name=\"_wpcf7_locale\" value=\"es_ES\" \/><input type=\"hidden\" name=\"_wpcf7_unit_tag\" value=\"wpcf7-f3884-o1\" \/><input type=\"hidden\" name=\"_wpcf7_container_post\" value=\"0\" \/><input type=\"hidden\" name=\"_wpcf7_posted_data_hash\" value=\"\" \/><input type=\"hidden\" name=\"_wpcf7_recaptcha_response\" value=\"\" \/>\n<\/fieldset>\n<div class=\"main-contact-form\">\n\n<div>\n<label for=\"cf-name\">Nombre<\/label>\n<span class=\"wpcf7-form-control-wrap\" data-name=\"cf-name\"><input size=\"40\" maxlength=\"400\" class=\"wpcf7-form-control wpcf7-text wpcf7-validates-as-required\" id=\"cf-name\" aria-required=\"true\" aria-invalid=\"false\" value=\"\" type=\"text\" name=\"cf-name\" \/><\/span>\n<\/div>\n\n<div>\n<label for=\"cf-cognom\">Apellido<\/label>\n<span class=\"wpcf7-form-control-wrap\" data-name=\"cf-cognom\"><input size=\"40\" maxlength=\"400\" class=\"wpcf7-form-control wpcf7-text wpcf7-validates-as-required\" id=\"cf-cognom\" aria-required=\"true\" aria-invalid=\"false\" value=\"\" type=\"text\" name=\"cf-cognom\" \/><\/span>\n<\/div>\n\n<div>\n<label for=\"cf-email\">Email<\/label>\n<span class=\"wpcf7-form-control-wrap\" data-name=\"cf-email\"><input size=\"40\" maxlength=\"400\" class=\"wpcf7-form-control wpcf7-email wpcf7-validates-as-required wpcf7-text wpcf7-validates-as-email\" id=\"cf-email\" aria-required=\"true\" aria-invalid=\"false\" value=\"\" type=\"email\" name=\"cf-email\" \/><\/span>\n<\/div>\n\n<div>\n<label for=\"cf-assumpte\">Asunto<\/label>\n<span class=\"wpcf7-form-control-wrap\" data-name=\"cf-assumpte\"><input size=\"40\" maxlength=\"400\" class=\"wpcf7-form-control wpcf7-text wpcf7-validates-as-required\" id=\"cf-assumpte\" aria-required=\"true\" aria-invalid=\"false\" value=\"\" type=\"text\" name=\"cf-assumpte\" \/><\/span>\n<\/div>\n\n<span id=\"wpcf7-69fcc9e6a48a9-wrapper\" class=\"wpcf7-form-control-wrap nounom-wrap\" style=\"display:none !important; visibility:hidden !important;\"><label for=\"wpcf7-69fcc9e6a48a9-field\" class=\"hp-message\">Por favor, deja este campo vac\u00edo.<\/label><input id=\"wpcf7-69fcc9e6a48a9-field\"  class=\"wpcf7-form-control wpcf7-text\" type=\"text\" name=\"nounom\" value=\"\" size=\"40\" tabindex=\"-1\" autocomplete=\"new-password\" \/><\/span>\n\n<div class=\"full\">\n<label for=\"cf-comments\">Mensaje<\/label>\n<span class=\"wpcf7-form-control-wrap\" data-name=\"cf-comments\"><textarea cols=\"40\" rows=\"4\" maxlength=\"2000\" class=\"wpcf7-form-control wpcf7-textarea wpcf7-validates-as-required\" id=\"cf-comments\" aria-required=\"true\" aria-invalid=\"false\" name=\"cf-comments\"><\/textarea><\/span>\n<\/div>\n\n<div class=\"full\">\n<span class=\"wpcf7-form-control-wrap\" data-name=\"cf-acceptance\"><span class=\"wpcf7-form-control wpcf7-acceptance\"><span class=\"wpcf7-list-item\"><label><input type=\"checkbox\" name=\"cf-acceptance\" value=\"1\" id=\"cf-acceptance\" aria-invalid=\"false\" \/><span class=\"wpcf7-list-item-label\">Acepto la <a href=\"\/es\/politica-de-privacitat\/\">pol\u00edtica de privacidad<\/a><\/span><\/label><\/span><\/span><\/span>\n<\/div>\n\n<div class=\"full text-center\">\n<input class=\"wpcf7-form-control wpcf7-submit has-spinner ct-link-button btn-primary\" id=\"cf-send\" type=\"submit\" value=\"Enviar\" \/>\n<\/div>\n\n<\/div><div class=\"wpcf7-response-output\" aria-hidden=\"true\"><\/div>\n<\/form>\n<\/div>\n    <\/div>\n\n\n\n<\/section>","protected":false},"excerpt":{"rendered":"<p>Somos conscientes de que se trata de un viaje muy importante. Es por eso que nuestra experiencia le ayudar\u00e1 y dar\u00e1 tranquilidad en el momento de disfrutar de una vivencia tan especial. Trabajamos con los Partners m\u00e1s profesionales y especialistas en Viajes para Novios, que conocen a la perfecci\u00f3n los destinos que ofrecen. Adem\u00e1s de [&hellip;]<\/p>\n","protected":false},"author":2,"featured_media":1000,"parent":0,"menu_order":0,"comment_status":"closed","ping_status":"closed","template":"","meta":{"_acf_changed":false,"footnotes":""},"class_list":["post-3838","page","type-page","status-publish","has-post-thumbnail","hentry"],"acf":[],"_links":{"self":[{"href":"https:\/\/www.viatgesmestres.com\/es\/wp-json\/wp\/v2\/pages\/3838","targetHints":{"allow":["GET"]}}],"collection":[{"href":"https:\/\/www.viatgesmestres.com\/es\/wp-json\/wp\/v2\/pages"}],"about":[{"href":"https:\/\/www.viatgesmestres.com\/es\/wp-json\/wp\/v2\/types\/page"}],"author":[{"embeddable":true,"href":"https:\/\/www.viatgesmestres.com\/es\/wp-json\/wp\/v2\/users\/2"}],"replies":[{"embeddable":true,"href":"https:\/\/www.viatgesmestres.com\/es\/wp-json\/wp\/v2\/comments?post=3838"}],"version-history":[{"count":4,"href":"https:\/\/www.viatgesmestres.com\/es\/wp-json\/wp\/v2\/pages\/3838\/revisions"}],"predecessor-version":[{"id":3843,"href":"https:\/\/www.viatgesmestres.com\/es\/wp-json\/wp\/v2\/pages\/3838\/revisions\/3843"}],"wp:featuredmedia":[{"embeddable":true,"href":"https:\/\/www.viatgesmestres.com\/es\/wp-json\/wp\/v2\/media\/1000"}],"wp:attachment":[{"href":"https:\/\/www.viatgesmestres.com\/es\/wp-json\/wp\/v2\/media?parent=3838"}],"curies":[{"name":"wp","href":"https:\/\/api.w.org\/{rel}","templated":true}]}}